{"id":175,"date":"2020-12-22T00:38:39","date_gmt":"2020-12-22T00:38:39","guid":{"rendered":"https:\/\/verychic.com.ec\/index.php\/map\/"},"modified":"2020-12-22T21:42:33","modified_gmt":"2020-12-22T21:42:33","slug":"map","status":"publish","type":"page","link":"https:\/\/verychic.com.ec\/index.php\/map\/","title":{"rendered":"Env\u00edos y devoluciones"},"content":{"rendered":"<section class=\"fusion-page-title-bar fusion-tb-page-title-bar\">\n<div class=\"fusion-fullwidth fullwidth-box fusion-builder-row-4 fusion-flex-container nonhundred-percent-fullwidth non-hundred-percent-height-scrolling\">\n<div class=\"fusion-builder-row fusion-row fusion-flex-align-items-center fusion-flex-align-content-center\">\n<div class=\"fusion-layout-column fusion_builder_column fusion-builder-column-6 fusion_builder_column_1_1 1_1 fusion-flex-column\">\n<div class=\"fusion-column-wrapper fusion-flex-justify-content-flex-start fusion-content-layout-column\">\n<div class=\"fusion-breadcrumbs fusion-breadcrumbs-1\"><span style=\"color: inherit; font-size: 1.95em; font-weight: 600;\">Env\u00edos<\/span><\/div>\n<\/div>\n<\/div>\n<\/div>\n<\/div>\n<\/section>\n<p><main id=\"main\" class=\"clearfix \"><\/p>\n<div class=\"fusion-row\">\n<section id=\"content\">\n<div id=\"post-19805\" class=\"post-19805 page type-page status-publish hentry\">\n<div class=\"post-content\">\n<div class=\"fusion-fullwidth fullwidth-box fusion-builder-row-5 nonhundred-percent-fullwidth non-hundred-percent-height-scrolling\">\n<div class=\"fusion-builder-row fusion-row\">\n<div class=\"fusion-layout-column fusion_builder_column fusion-builder-column-7 fusion_builder_column_1_1 1_1 fusion-one-full fusion-column-first fusion-column-last\">\n<div class=\"fusion-column-wrapper fusion-flex-column-wrapper-legacy\">\n<div class=\"fusion-text fusion-text-2\">\n<p>Los env\u00edos son realizados de 24 a 48 horas de haber sido confirmado el pago y se realizan a trav\u00e9s de Servientrega a nivel nacional.<\/p>\n<h2 class=\"fusion-responsive-typography-calculated\" data-fontsize=\"24\" data-lineheight=\"30.24px\"><strong>Devoluciones<\/strong><\/h2>\n<p>No se efect\u00faan reembolsos, s\u00f3lo cambios por una prenda igual o de mayor precio (si el precio es mayor el cliente debe cancelar la diferencia)<\/p>\n<p>Se aceptan cambios de prenda siempre que la misma est\u00e9 en perfectas, con un plazo de 3 d\u00edas para notificar cualquier inconveniente a trav\u00e9s de nuestro <a href=\"https:\/\/verychic.com.ec\/whatsappgye\" target=\"_blank\" rel=\"noopener\">whatsapp<\/a><\/p>\n<\/div>\n<p>Los costos de env\u00edo por cambio de prenda los cubrir\u00e1 en su totalidad el cliente a trav\u00e9s de Servientrega (env\u00edo de la prenda no deseada a la direcci\u00f3n de la nuestra tienda, como de la tienda hasta el domicilio del cliente o sucursal de Servientrega m\u00e1s cercano para su retiro)<\/p>\n<\/div>\n<\/div>\n<\/div>\n<\/div>\n<\/div>\n<\/div>\n<\/section>\n<\/div>\n<p><\/main><\/p>\n","protected":false},"excerpt":{"rendered":"<p>Env\u00edos Los env\u00edos son realizados de 24 a 48 horas de haber sido confirmado el pago y se realizan a trav\u00e9s de Servientrega a nivel nacional. Devoluciones No se efect\u00faan reembolsos, s\u00f3lo cambios por una prenda igual o de mayor precio (si el precio es mayor el cliente debe cancelar la diferencia) Se aceptan cambios &hellip; <\/p>\n","protected":false},"author":1,"featured_media":0,"parent":0,"menu_order":0,"comment_status":"closed","ping_status":"closed","template":"","meta":{"_vp_format_video_url":"","_vp_image_focal_point":[],"footnotes":""},"class_list":["post-175","page","type-page","status-publish","hentry"],"_links":{"self":[{"href":"https:\/\/verychic.com.ec\/index.php\/wp-json\/wp\/v2\/pages\/175","targetHints":{"allow":["GET"]}}],"collection":[{"href":"https:\/\/verychic.com.ec\/index.php\/wp-json\/wp\/v2\/pages"}],"about":[{"href":"https:\/\/verychic.com.ec\/index.php\/wp-json\/wp\/v2\/types\/page"}],"author":[{"embeddable":true,"href":"https:\/\/verychic.com.ec\/index.php\/wp-json\/wp\/v2\/users\/1"}],"replies":[{"embeddable":true,"href":"https:\/\/verychic.com.ec\/index.php\/wp-json\/wp\/v2\/comments?post=175"}],"version-history":[{"count":1,"href":"https:\/\/verychic.com.ec\/index.php\/wp-json\/wp\/v2\/pages\/175\/revisions"}],"predecessor-version":[{"id":297,"href":"https:\/\/verychic.com.ec\/index.php\/wp-json\/wp\/v2\/pages\/175\/revisions\/297"}],"wp:attachment":[{"href":"https:\/\/verychic.com.ec\/index.php\/wp-json\/wp\/v2\/media?parent=175"}],"curies":[{"name":"wp","href":"https:\/\/api.w.org\/{rel}","templated":true}]}}